{"id":48459,"date":"2025-07-09T10:13:20","date_gmt":"2025-07-09T08:13:20","guid":{"rendered":"https:\/\/www.tapella-nilles.lu\/territoriale-zustaendigkeit\/"},"modified":"2025-09-23T17:45:40","modified_gmt":"2025-09-23T15:45:40","slug":"territoriale-zustaendigkeit","status":"publish","type":"page","link":"https:\/\/www.tapella-nilles.lu\/de\/territoriale-zustaendigkeit\/","title":{"rendered":"Territoriale Zust\u00e4ndigkeit"},"content":{"rendered":"\t\t<div data-elementor-type=\"wp-page\" data-elementor-id=\"48459\" class=\"elementor elementor-48459 elementor-44797\" data-elementor-post-type=\"page\">\n\t\t\t\t<div class=\"elementor-element elementor-element-ea27a42 e-flex e-con-boxed sc_layouts_column_icons_position_left e-con e-parent\" data-id=\"ea27a42\" data-element_type=\"container\" data-e-type=\"container\">\n\t\t\t\t\t<div class=\"e-con-inner\">\n\t\t\t\t<div class=\"elementor-element elementor-element-066ad4f sc_fly_static elementor-widget elementor-widget-heading\" data-id=\"066ad4f\" data-element_type=\"widget\" data-e-type=\"widget\" data-widget_type=\"heading.default\">\n\t\t\t\t\t<h1 class=\"elementor-heading-title elementor-size-default\">Gebietszust\u00e4ndigkeit<\/h1>\t\t\t\t<\/div>\n\t\t\t\t<div class=\"elementor-element elementor-element-708d3af sc_fly_static elementor-widget elementor-widget-text-editor\" data-id=\"708d3af\" data-element_type=\"widget\" data-e-type=\"widget\" data-widget_type=\"text-editor.default\">\n\t\t\t\t\t\t\t\t\t<p>Wir sind f\u00fcr alle Ortschaften des Gerichtsbezirks Luxemburg zust\u00e4ndig.<br>(Luxemburg und Esch\/Alzette)<\/p>\t\t\t\t\t\t\t\t<\/div>\n\t\t\t\t<div class=\"elementor-element elementor-element-5691e0f sc_fly_static elementor-widget elementor-widget-html\" data-id=\"5691e0f\" data-element_type=\"widget\" data-e-type=\"widget\" data-widget_type=\"html.default\">\n\t\t\t\t\t<div id=\"ortResult\" style=\"display:none;background-color:var(--e-global-color-primary);color:#fff; border-radius: 20px; padding: 1rem;margin-top: 2rem;\"><\/div>\n<script>\njQuery(document).ready(()=&gt;{\n    document.getElementsByClassName('e-search-form')[0].addEventListener('submit', function(e) {\n\n    e.preventDefault(); \/\/ Weiterleitung stoppen\n\n    const input = this.querySelector('input[type=\"search\"]').value.trim();\n\n    if(!input){\n         const resultBox = document.getElementById('ortResult');\n        resultBox.innerHTML = \"\";\n        resultBox.style.display = \"none\";\n        return;\n    }\n\n    fetch(`\/wp-json\/wp\/v2\/location?search=${encodeURIComponent(input)}`)\n        .then(res =&gt; res.json())\n        .then(data =&gt; {\n            console.log(data);\n            const resultBox = document.getElementById('ortResult');\n            if (data.length &gt; 0) {\n                const capitalized = input.charAt(0).toUpperCase() + input.slice(1);\n                resultBox.style.display = \"inline-block\";\n                resultBox.innerHTML = ortChecker.found.replace('%s', `<b>${capitalized}<\/b>` );\n            } else {\n                resultBox.innerHTML = ortChecker.not_found;\n            }\n        });\n});\n})\n\n<\/script>\t\t\t\t<\/div>\n\t\t\t\t<div class=\"elementor-element elementor-element-ac8aeb8 sc_fly_static elementor-widget elementor-widget-search\" data-id=\"ac8aeb8\" data-element_type=\"widget\" data-e-type=\"widget\" data-settings=\"{&quot;live_results&quot;:&quot;yes&quot;,&quot;submit_trigger&quot;:&quot;both&quot;,&quot;template_id&quot;:&quot;45042&quot;,&quot;minimum_search_characters&quot;:3,&quot;pagination_type_options&quot;:&quot;none&quot;,&quot;results_is_dropdown_width&quot;:&quot;search_field&quot;}\" data-widget_type=\"search.default\">\n\t\t\t\t\t\t\t<search class=\"e-search hidden\" role=\"search\">\n\t\t\t<form class=\"e-search-form\" action=\"https:\/\/www.tapella-nilles.lu\/de\/\" method=\"get\">\n\n\t\t\t\t\n\t\t\t\t<label class=\"e-search-label\" for=\"search-ac8aeb8\">\n\t\t\t\t\t<span class=\"elementor-screen-only\">\n\t\t\t\t\t\tSuche\t\t\t\t\t<\/span>\n\t\t\t\t\t\t\t\t\t<\/label>\n\n\t\t\t\t<div class=\"e-search-input-wrapper\">\n\t\t\t\t\t<input id=\"search-ac8aeb8\" placeholder=\"Ort suchen...\" class=\"e-search-input\" type=\"search\" name=\"s\" value=\"\" autocomplete=\"on\" role=\"combobox\" aria-autocomplete=\"list\" aria-expanded=\"false\" aria-controls=\"results-ac8aeb8\" aria-haspopup=\"listbox\">\n\t\t\t\t\t<i aria-hidden=\"true\" class=\"fas fa-times\"><\/i>\t\t\t\t\t\t\t\t\t\t<output id=\"results-ac8aeb8\" class=\"e-search-results-container hide-loader\" aria-live=\"polite\" aria-atomic=\"true\" aria-label=\"Ergebnisse f\u00fcr Suche\" tabindex=\"0\">\n\t\t\t\t\t\t<div class=\"e-search-results\"><\/div>\n\t\t\t\t\t\t\t\t\t<div class=\"e-search-loader\">\n\t\t\t\t<svg xmlns=\"http:\/\/www.w3.org\/2000\/svg\" viewBox=\"0 0 28 28\">\n\t\t\t\t\t<path fill-rule=\"evenodd\" d=\"M14 .188c.587 0 1.063.475 1.063 1.062V5.5a1.063 1.063 0 0 1-2.126 0V1.25c0-.587.476-1.063 1.063-1.063ZM4.182 4.181a1.063 1.063 0 0 1 1.503 0L8.73 7.228A1.062 1.062 0 1 1 7.228 8.73L4.182 5.685a1.063 1.063 0 0 1 0-1.503Zm19.636 0a1.063 1.063 0 0 1 0 1.503L20.772 8.73a1.062 1.062 0 1 1-1.502-1.502l3.045-3.046a1.063 1.063 0 0 1 1.503 0ZM.188 14c0-.587.475-1.063 1.062-1.063H5.5a1.063 1.063 0 0 1 0 2.126H1.25A1.063 1.063 0 0 1 .187 14Zm21.25 0c0-.587.475-1.063 1.062-1.063h4.25a1.063 1.063 0 0 1 0 2.126H22.5A1.063 1.063 0 0 1 21.437 14ZM8.73 19.27a1.062 1.062 0 0 1 0 1.502l-3.045 3.046a1.063 1.063 0 0 1-1.503-1.503l3.046-3.046a1.063 1.063 0 0 1 1.502 0Zm10.54 0a1.063 1.063 0 0 1 1.502 0l3.046 3.045a1.063 1.063 0 0 1-1.503 1.503l-3.046-3.046a1.063 1.063 0 0 1 0-1.502ZM14 21.438c.587 0 1.063.475 1.063 1.062v4.25a1.063 1.063 0 0 1-2.126 0V22.5c0-.587.476-1.063 1.063-1.063Z\"\/>\n\t\t\t\t<\/svg>\n\t\t\t<\/div>\n\t\t\t\t\t\t\t\t<\/output>\n\t\t\t\t\t\t\t\t\t<\/div>\n\t\t\t\t\n\t\t\t\t\n\t\t\t\t<button class=\"e-search-submit  \" type=\"submit\" aria-label=\"Suche\">\n\t\t\t\t\t<i aria-hidden=\"true\" class=\"fas fa-search-location\"><\/i>\n\t\t\t\t\t\t\t\t\t<\/button>\n\t\t\t\t<input type=\"hidden\" name=\"e_search_props\" value=\"ac8aeb8-48459\">\n\t\t\t<\/form>\n\t\t<\/search>\n\t\t\t\t\t\t<\/div>\n\t\t\t\t<div class=\"elementor-element elementor-element-074701d elementor-widget__width-inherit sc_fly_static elementor-widget elementor-widget-shortcode\" data-id=\"074701d\" data-element_type=\"widget\" data-e-type=\"widget\" data-widget_type=\"shortcode.default\">\n\t\t\t\t\t\t\t<div class=\"elementor-shortcode\"><div class=\"az-columns\" style=\"display: flex; gap: 2rem; flex-wrap: wrap;\"><div class=\"az-col\" style=\"flex:1; min-width:200px;\"><h3>A<\/h3><ul><li>Abweiler<\/li><li>Ahn<\/li><li>Altlinster<\/li><li>Altwies<\/li><li>Alzingen<\/li><li>Angelsberg<\/li><li>Ansembourg<\/li><li>Aspelt<\/li><li>Assel<\/li><li>Asselscheuer<\/li><\/ul><h3>B<\/h3><ul><li>Bascharage<\/li><li>Bech-Kleinmacher<\/li><li>Beidweiler<\/li><li>Belvaux<\/li><li>Berbourg<\/li><li>Berchem<\/li><li>Bereldange<\/li><li>Berg\/Betzdorf<\/li><li>Bergem<\/li><li>Beringen<\/li><li>Berschbach<\/li><li>Bertrange<\/li><li>Bettange-sur-mess<\/li><li>Bettembourg<\/li><li>Betzdorf<\/li><li>Beyren<\/li><li>Bill\/openthalt<\/li><li>Bissen<\/li><li>Bivange<\/li><li>Biwer<\/li><li>Blaschette<\/li><li>Boevange\/attert<\/li><li>Bofferdange<\/li><li>Boulder<\/li><li>Boulderbaach<\/li><li>Bour\/Tuntange<\/li><li>Bourglinster<\/li><li>Bous<\/li><li>Brameschaff<\/li><li>Breinert<\/li><li>Bridel<\/li><li>Brouch\/Mersch<\/li><li>Brouch\/Wecker<\/li><li>Burange<\/li><li>Burmerange<\/li><li>Buschdorf<\/li><\/ul><h3>C<\/h3><ul><li>Canach<\/li><li>Capellen<\/li><li>Clemency<\/li><li>Colmar-Berg<\/li><li>Contern<\/li><li>Crauthem<\/li><li>Cruchten<\/li><\/ul><h3>D<\/h3><ul><li>Dahlem<\/li><li>Dalheim<\/li><li>Differdange<\/li><li>Dippach<\/li><li>Dippach-gare<\/li><li>Dondelange<\/li><li>Dreiborn<\/li><li>Dudelange<\/li><\/ul><h3>E<\/h3><ul><li>Ehlange<\/li><li>Ehlerange<\/li><li>Ehnen<\/li><li>Eischen<\/li><li>Eisenborn<\/li><li>Ellange<\/li><li>Elvange\/Burmerange<\/li><li>Emerange<\/li><li>Ernster<\/li><li>Ernzen<\/li><li>Erpeldange\/Bous<\/li><li>Ersange<\/li><li>Esch-Sur-Alzette<\/li><li>Eschweiler\/Junglinster<\/li><li>Essingen<\/li><\/ul><\/div><div class=\"az-col\" style=\"flex:1; min-width:200px;\"><h3>F<\/h3><ul><li>Fennange<\/li><li>Fentange<\/li><li>Filsdorf<\/li><li>Findel<\/li><li>Fingig<\/li><li>Finsterthal<\/li><li>Fischbach\/Mersch<\/li><li>Flaxweiler<\/li><li>Foetz<\/li><li>Frisange<\/li><\/ul><h3>G<\/h3><ul><li>Gaichel<\/li><li>Garnich<\/li><li>Godbrange<\/li><li>Goeblange<\/li><li>Goetzingen<\/li><li>Gondelange<\/li><li>Gonderange<\/li><li>Gosseldange<\/li><li>Gostingen<\/li><li>Grass<\/li><li>Graulinster<\/li><li>Greisch<\/li><li>Greiveldange<\/li><li>Grevenknapp<\/li><li>Grevenmacher<\/li><\/ul><h3>H<\/h3><ul><li>Hagelsdorf<\/li><li>Hagen<\/li><li>Hassel<\/li><li>Hautcharage<\/li><li>Heffingen<\/li><li>Heisdorf<\/li><li>Hellange<\/li><li>Helmdange<\/li><li>Helmsange<\/li><li>Hesperange<\/li><li>Hettermillen<\/li><li>Hivange<\/li><li>Hobscheid<\/li><li>Hollenfels<\/li><li>Holzem<\/li><li>Hostert\/Niederanven<\/li><li>Howald<\/li><li>Huncherdange<\/li><li>Hunsdorf<\/li><\/ul><h3>I<\/h3><ul><li>Imbringen<\/li><li>Itzig<\/li><\/ul><h3>J<\/h3><ul><li>Junglinster<\/li><\/ul><\/div><div class=\"az-col\" style=\"flex:1; min-width:200px;\"><h3>K<\/h3><ul><li>Kahler<\/li><li>Kayl<\/li><li>Kehlen<\/li><li>Keispelt<\/li><li>Kepenacker<\/li><li>Kleinbettingen<\/li><li>Kockelscheuer<\/li><li>Koedange<\/li><li>Koerich<\/li><li>Kopstal<\/li><li>Kreuzerbuch<\/li><\/ul><h3>L<\/h3><ul><li>Lamadelaine<\/li><li>Larochette<\/li><li>Lasauvage<\/li><li>Lellig<\/li><li>Leudelange<\/li><li>Linger<\/li><li>Lintgen<\/li><li>Livange<\/li><li>Lorentzweiler<\/li><li>Luxembourg<\/li><\/ul><h3>M<\/h3><ul><li>Machtum<\/li><li>Mamer<\/li><li>Manternach<\/li><li>Medingen<\/li><li>Meispelt<\/li><li>Mensdorf<\/li><li>Mersch<\/li><li>Mertert<\/li><li>Metzerlach<\/li><li>Meysembourg<\/li><li>Moesdorf<\/li><li>Mondercange<\/li><li>Mondorf-les-bains<\/li><li>Moutfort<\/li><li>Mullendorf<\/li><li>Munsbach<\/li><li>Munschecker<\/li><\/ul><h3>N<\/h3><ul><li>Neuhaeusgen<\/li><li>Niederanven<\/li><li>Niedercorn<\/li><li>Niederdonven<\/li><li>Niederglabach<\/li><li>Noertzange<\/li><li>Nommern<\/li><li>Nospelt<\/li><\/ul><h3>P<\/h3><ul><li>Peppange<\/li><li>Petange<\/li><li>Pettingen<\/li><li>Pissange<\/li><li>Pleitrange<\/li><li>Pontpierre<\/li><li>Potaschbierg<\/li><li>Prettingen<\/li><\/ul><\/div><div class=\"az-col\" style=\"flex:1; min-width:200px;\"><h3>R<\/h3><ul><li>Rameldange<\/li><li>Reckange-Sur-Mess<\/li><li>Reckange\/Mersch<\/li><li>Remerschen<\/li><li>Remich<\/li><li>Reuland<\/li><li>Rodange<\/li><li>Rodenbourg<\/li><li>Roedgen<\/li><li>Roedt<\/li><li>Roeser<\/li><li>Rolling<\/li><li>Rollingen<\/li><li>Roodt-Syre<\/li><li>Roost<\/li><li>Rumelange<\/li><\/ul><h3>S<\/h3><ul><li>Sandweiler<\/li><li>Sanem<\/li><li>Schengen<\/li><li>Scheuerberg<\/li><li>Schifflange<\/li><li>Schiltzberg<\/li><li>Schoenfels<\/li><li>Schoos<\/li><li>Schouweiler<\/li><li>Schrassig<\/li><li>Schrondweiler<\/li><li>Schuttrange<\/li><li>Schwebsange<\/li><li>Senningen<\/li><li>Senningerberg<\/li><li>Septfontaines\/Simmern<\/li><li>Simmerschmelz<\/li><li>Soleuvre<\/li><li>Sprinkange<\/li><li>Stadtbredimus<\/li><li>Steinfort<\/li><li>Steinsel<\/li><li>Strassen<\/li><li>Stuppicht<\/li><li>Syren<\/li><\/ul><h3>T<\/h3><ul><li>Tetange<\/li><li>Trintange<\/li><li>Tuntange<\/li><\/ul><h3>U<\/h3><ul><li>Uebersyren<\/li><\/ul><h3>W<\/h3><ul><li>Waldbredimus<\/li><li>Waldhof<\/li><li>Walferdange<\/li><li>Wandhaff<\/li><li>Wasserbillig<\/li><li>Wecker<\/li><li>WEIDERT<\/li><li>Weidig<\/li><li>Weiler-La-Tour<\/li><li>Welfrange<\/li><li>Wellenstein<\/li><li>Welsdorf<\/li><li>Weydig<\/li><li>Weyer<\/li><li>Wickrange<\/li><li>Wormeldange<\/li><\/ul><\/div><\/div><\/div>\n\t\t\t\t\t\t<\/div>\n\t\t\t\t\t<\/div>\n\t\t\t\t<\/div>\n\t\t\t\t<\/div>\n\t\t","protected":false},"excerpt":{"rendered":"<p>Gebietszust\u00e4ndigkeit Wir sind f\u00fcr alle Ortschaften des Gerichtsbezirks Luxemburg zust\u00e4ndig.(Luxemburg und Esch\/Alzette) Rechercher<\/p>\n","protected":false},"author":3,"featured_media":0,"parent":0,"menu_order":0,"comment_status":"closed","ping_status":"closed","template":"","meta":{"_acf_changed":false,"footnotes":""},"class_list":["post-48459","page","type-page","status-publish","hentry"],"acf":[],"_links":{"self":[{"href":"https:\/\/www.tapella-nilles.lu\/de\/wp-json\/wp\/v2\/pages\/48459","targetHints":{"allow":["GET"]}}],"collection":[{"href":"https:\/\/www.tapella-nilles.lu\/de\/wp-json\/wp\/v2\/pages"}],"about":[{"href":"https:\/\/www.tapella-nilles.lu\/de\/wp-json\/wp\/v2\/types\/page"}],"author":[{"embeddable":true,"href":"https:\/\/www.tapella-nilles.lu\/de\/wp-json\/wp\/v2\/users\/3"}],"replies":[{"embeddable":true,"href":"https:\/\/www.tapella-nilles.lu\/de\/wp-json\/wp\/v2\/comments?post=48459"}],"version-history":[{"count":1,"href":"https:\/\/www.tapella-nilles.lu\/de\/wp-json\/wp\/v2\/pages\/48459\/revisions"}],"predecessor-version":[{"id":48461,"href":"https:\/\/www.tapella-nilles.lu\/de\/wp-json\/wp\/v2\/pages\/48459\/revisions\/48461"}],"wp:attachment":[{"href":"https:\/\/www.tapella-nilles.lu\/de\/wp-json\/wp\/v2\/media?parent=48459"}],"curies":[{"name":"wp","href":"https:\/\/api.w.org\/{rel}","templated":true}]}}